{"id":4402,"date":"2020-02-23T11:12:37","date_gmt":"2020-02-23T10:12:37","guid":{"rendered":"http:\/\/bjoerns-views.com\/?page_id=4402"},"modified":"2023-04-02T12:52:07","modified_gmt":"2023-04-02T11:52:07","slug":"interesse-an-einem-hochwertigen-druck","status":"publish","type":"page","link":"https:\/\/bjoernsviews.com\/?page_id=4402","title":{"rendered":"Hochwertige Drucke"},"content":{"rendered":"\n\n\n<div class=\"wp-block-atomic-blocks-ab-columns ab-layout-service-3 ab-layout-columns-2 ab-2-col-equal ab-columns-center alignfull\" style=\"padding-top:15%;padding-right:5%;padding-bottom:15%;padding-left:5%\"><div class=\"ab-layout-column-wrap ab-block-layout-column-gap-5 ab-is-responsive-column\" style=\"max-width:1200px\">\n<div class=\"wp-block-atomic-blocks-ab-column ab-block-layout-column\"><div class=\"ab-block-layout-column-inner\">\n<p>Auswahl meiner liebsten Bilder<\/p>\n\n\n\nngg_shortcode_0_placeholder\n\n\n\n<p><\/p>\n\n\n\n<hr class=\"wp-block-separator\"\/>\n\n\n\n<p>Die letzten hinzugef\u00fcgten Bilder dieser Seite<\/p>\n\n\n<\/div><\/div>\n\n\n\n<div class=\"wp-block-atomic-blocks-ab-column ab-block-layout-column ab-is-vertically-aligned-center\"><div class=\"ab-block-layout-column-inner\">\n<h2 class=\"wp-block-heading\">Du hast Interesse an einem hochwertigen FineArt Druck?<\/h2>\n\n\n\n<p>Wie man meinen Bildern und dieser Seite hoffentlich anmerkt, widme ich jede freie Minute mit Leidenschaft der Fotografie. Meistens bin ich zu den unm\u00f6glichsten Tages- und Nachtzeiten unterwegs und lasse mich auch von widrigen Wetterbedingungen nicht abhalten. Denn oft sind es genau diese Zeiten und Bedingungen, die aus einem allt\u00e4glichen Motiv eine ganz besondere Fotografie entstehen lassen. Und gerade das macht die Landschaftsfotografie so spannend, beim Aufbrechen wei\u00df man nie, wie sich die Bedingungen entwickeln und ob man mit dem einen oder anderen ganz besonderen Bild nach Hause kommt.<\/p>\n\n\n\n<p>In Zeiten, in denen k\u00fcnstliche Intelligenz eingesetzt werden kann, um mit einem Klick den Himmel eines Bildes zu tauschen oder Bilder ganz und gar aus dem Nichts entstehen zu lassen, bin ich \u00e4u\u00dferst stolz auf die Authentizit\u00e4t meiner Fotos. Ja, auch ich muss mal eine Kleinigkeit retuschieren, weil es einfach keine andere Perspektive gab, mit der man h\u00e4tte etwas St\u00f6rendes verschwinden lassen k\u00f6nnen oder ich im Gl\u00fcck \u00fcber perfekte Bedingungen zu unaufmerksam war. Aber alle meine Fotografien zeigen reale Motive und Personen bei genau den Bedingungen, bei denen ich vor Ort war. <\/p>\n\n\n\n<p>Bislang habe ich, abgesehen von einigen Wandbildern, meine Bilder ausschlie\u00dflich online gezeigt. Seit einigen Monaten habe ich die M\u00f6glichkeit, meine Bilder mit dem Canon imagePROGRAF PRO-1000 (12 Farben Pigmenttinte) im Format bis DIN A2 selbst zu drucken. Die lange Zeit habe ich ben\u00f6tigt, um aus der riesigen Auswahl an FineArt-Papieren verschiedener Hersteller, die f\u00fcr meine Fotografien besten zu finden. Ich h\u00e4tte es nicht f\u00fcr m\u00f6glich gehalten, aber es ist jedes Mal eine riesige Freude, wenn ein Foto langsam aus dem Drucker geschoben wird und man das Bild physisch in den H\u00e4nden halten kann. In individueller Handarbeit habe ich dann noch die M\u00f6glichkeit, den Karton und das Passepartout anzufertigen. Und wenn dann das Bild gerahmt an der Wand h\u00e4ngt, ja dann ist aus dem Foto tats\u00e4chlich ein Kunstwerk geworden.<\/p>\n\n\n\n<p>Wenn Du Interesse daran hast, eines meiner Bilder als hochwertigen FineArt-Druck an Deiner Wand h\u00e4ngen zu haben, erstelle ich gerne ein individuelles Angebot.<\/p>\n\n\n\n<p>Zur Verf\u00fcgung stehen alle Bilder, die ihr hier findet:<br><a href=\"http:\/\/bjoerns-views.com\/?page_id=1481\">Galerien <\/a><br><a href=\"http:\/\/bjoerns-views.com\/?page_id=445\">Blog<\/a><br><a href=\"https:\/\/www.facebook.com\/bjoernsviews\/\">Facebook<\/a><br><a href=\"https:\/\/www.instagram.com\/bjoerns_views\/\">Instagram<\/a><\/p>\n\n\n\n<p>Viel Spa\u00df beim St\u00f6bern. Bei Interesse, sprech mich bitte an:<br>bjoern(at)bjoernsviews.com<br>+49 172 7435966<\/p>\n\n\n\n<p><\/p>\n<\/div><\/div>\n<\/div><\/div>\n","protected":false},"excerpt":{"rendered":"","protected":false},"author":1,"featured_media":4215,"parent":0,"menu_order":0,"comment_status":"closed","ping_status":"closed","template":"elementor_header_footer","meta":{"_genesis_hide_title":false,"_genesis_hide_breadcrumbs":false,"_genesis_hide_singular_image":false,"_genesis_hide_footer_widgets":false,"_genesis_custom_body_class":"","_genesis_custom_post_class":"","_genesis_layout":"","ngg_post_thumbnail":0,"footnotes":""},"class_list":{"0":"post-4402","1":"page","2":"type-page","3":"status-publish","4":"has-post-thumbnail","6":"entry"},"featured_image_src":"https:\/\/i0.wp.com\/bjoernsviews.com\/wp-content\/uploads\/2020\/02\/20200208_DSCF0042.jpg?resize=600%2C400&ssl=1","featured_image_src_square":"https:\/\/i0.wp.com\/bjoernsviews.com\/wp-content\/uploads\/2020\/02\/20200208_DSCF0042.jpg?resize=600%2C600&ssl=1","jetpack_sharing_enabled":true,"jetpack_shortlink":"https:\/\/wp.me\/Ph4otb-190","jetpack-related-posts":[],"_links":{"self":[{"href":"https:\/\/bjoernsviews.com\/index.php?rest_route=\/wp\/v2\/pages\/4402","targetHints":{"allow":["GET"]}}],"collection":[{"href":"https:\/\/bjoernsviews.com\/index.php?rest_route=\/wp\/v2\/pages"}],"about":[{"href":"https:\/\/bjoernsviews.com\/index.php?rest_route=\/wp\/v2\/types\/page"}],"author":[{"embeddable":true,"href":"https:\/\/bjoernsviews.com\/index.php?rest_route=\/wp\/v2\/users\/1"}],"replies":[{"embeddable":true,"href":"https:\/\/bjoernsviews.com\/index.php?rest_route=%2Fwp%2Fv2%2Fcomments&post=4402"}],"version-history":[{"count":35,"href":"https:\/\/bjoernsviews.com\/index.php?rest_route=\/wp\/v2\/pages\/4402\/revisions"}],"predecessor-version":[{"id":5984,"href":"https:\/\/bjoernsviews.com\/index.php?rest_route=\/wp\/v2\/pages\/4402\/revisions\/5984"}],"wp:featuredmedia":[{"embeddable":true,"href":"https:\/\/bjoernsviews.com\/index.php?rest_route=\/wp\/v2\/media\/4215"}],"wp:attachment":[{"href":"https:\/\/bjoernsviews.com\/index.php?rest_route=%2Fwp%2Fv2%2Fmedia&parent=4402"}],"curies":[{"name":"wp","href":"https:\/\/api.w.org\/{rel}","templated":true}]}}